{"id":10015,"date":"2024-03-19T20:05:07","date_gmt":"2024-03-19T18:05:07","guid":{"rendered":"https:\/\/uniform.ee\/ru\/?post_type=product&#038;p=10015"},"modified":"2026-04-10T16:33:03","modified_gmt":"2026-04-10T14:33:03","slug":"naiste-tooriided-toopuksid-sinised-kuni-168-cm","status":"publish","type":"product","link":"https:\/\/uniform.ee\/et\/p\/naiste-tooriided-toopuksid-sinised-mt01blu\/","title":{"rendered":"Naiste t\u00f6\u00f6riided &#8211; t\u00f6\u00f6p\u00fcksid sinised MT01"},"content":{"rendered":"<p>Klassikalised tumesinised\u00a0meditsiinip\u00fcksid kummiv\u00f6\u00f6ga, ilma taskuteta, sirge l\u00f5ige. P\u00fcksid on valmistatud spetsiaalsest meditsiinilisest kangast. Kangas on vastupidav ja piisavalt \u00f5huke mugavaks kandmiseks.<\/p>\n<div>Enne ostu tutvuge m\u00f5\u00f5dutabeliga.<\/div>\n<div><\/div>\n<div>On valmistatud spetsiaalsest kangast meditsiinilise t\u00f6\u00f6riietuse jaoks.<\/div>\n<div><\/div>\n<div>Materjal: 35% puuvill, 65% pol\u00fcester<\/div>\n<div>\n<p>Soovitatav pesemise temperatuur v\u00e4rvilistele riietele: 40\u00b0C -60\u00b0C<\/p>\n<p>Soovitatav pesemise temperatuur valgetele riietele: 60\u00b0C.<\/p>\n<p>&nbsp;<\/p>\n<\/div>\n<div>Fotol olev modell kannab suurust 36, pikkus 172 cm,\u00a0p\u00fckste\u00a0suurus 36(S)\/172.<\/div>\n<div><\/div>\n<div><\/div>\n<div>Tootmisriik: Eesti<\/div>\n<div><\/div>\n<div>M\u00f5\u00f5dutabel<\/div>\n<div><\/div>\n<div>\n<table style=\"width: 47.4237%; height: 175px;\" width=\"1080\">\n<tbody>\n<tr>\n<td style=\"width: 8.87204%;\" width=\"180\">Suurus<\/td>\n<td style=\"width: 14.3219%;\" width=\"180\">V\u00f6\u00f6\u00fcmberm\u00f5tt<\/td>\n<td style=\"width: 12.0915%;\" width=\"180\">Puusa<\/td>\n<td style=\"width: 14.2048%;\" width=\"180\">Pikkus 168 cm<\/td>\n<td style=\"width: 14.5738%;\" width=\"180\">Pikkus 172 cm<\/td>\n<td style=\"width: 13.3138%;\" width=\"180\">Pikkus 180 cm<\/td>\n<\/tr>\n<tr>\n<td style=\"width: 8.87204%;\">34<\/td>\n<td style=\"width: 14.3219%;\">60-90<\/td>\n<td style=\"width: 12.0915%;\">94<\/td>\n<td style=\"width: 14.2048%;\" width=\"180\">101<\/td>\n<td style=\"width: 14.5738%;\" width=\"180\">105<\/td>\n<td style=\"width: 13.3138%;\" width=\"180\">111<\/td>\n<\/tr>\n<tr>\n<td style=\"width: 8.87204%;\">36<\/td>\n<td style=\"width: 14.3219%;\">66-97<\/td>\n<td style=\"width: 12.0915%;\">99<\/td>\n<td style=\"width: 14.2048%;\" width=\"180\">102<\/td>\n<td style=\"width: 14.5738%;\" width=\"180\">106<\/td>\n<td style=\"width: 13.3138%;\" width=\"180\">112<\/td>\n<\/tr>\n<tr>\n<td style=\"width: 8.87204%;\">38<\/td>\n<td style=\"width: 14.3219%;\">72-102<\/td>\n<td style=\"width: 12.0915%;\">105<\/td>\n<td style=\"width: 14.2048%;\" width=\"180\">103<\/td>\n<td style=\"width: 14.5738%;\" width=\"180\">107<\/td>\n<td style=\"width: 13.3138%;\" width=\"180\">113<\/td>\n<\/tr>\n<tr>\n<td style=\"width: 8.87204%;\">40<\/td>\n<td style=\"width: 14.3219%;\">80-110<\/td>\n<td style=\"width: 12.0915%;\">114<\/td>\n<td style=\"width: 14.2048%;\" width=\"180\">104<\/td>\n<td style=\"width: 14.5738%;\" width=\"180\">108<\/td>\n<td style=\"width: 13.3138%;\" width=\"180\">114<\/td>\n<\/tr>\n<tr>\n<td style=\"width: 8.87204%;\">42<\/td>\n<td style=\"width: 14.3219%;\">88-120<\/td>\n<td style=\"width: 12.0915%;\">120<\/td>\n<td style=\"width: 14.2048%;\" width=\"180\">105<\/td>\n<td style=\"width: 14.5738%;\" width=\"180\">109<\/td>\n<td style=\"width: 13.3138%;\" width=\"180\">115<\/td>\n<\/tr>\n<\/tbody>\n<\/table>\n<\/div>\n<p><\/p>","protected":false},"excerpt":{"rendered":"<p>Klassikalised tumesinised\u00a0meditsiinip\u00fcksid kummiv\u00f6\u00f6ga, ilma taskuteta, sirge l\u00f5ige. P\u00fcksid on valmistatud spetsiaalsest meditsiinilisest kangast. Kangas on vastupidav ja piisavalt \u00f5huke mugavaks<\/p>\n","protected":false},"featured_media":10589,"template":"","meta":[],"product_cat":[34],"product_tag":[],"_links":{"self":[{"href":"https:\/\/uniform.ee\/et\/wp-json\/wp\/v2\/product\/10015"}],"collection":[{"href":"https:\/\/uniform.ee\/et\/wp-json\/wp\/v2\/product"}],"about":[{"href":"https:\/\/uniform.ee\/et\/wp-json\/wp\/v2\/types\/product"}],"wp:featuredmedia":[{"embeddable":true,"href":"https:\/\/uniform.ee\/et\/wp-json\/wp\/v2\/media\/10589"}],"wp:attachment":[{"href":"https:\/\/uniform.ee\/et\/wp-json\/wp\/v2\/media?parent=10015"}],"wp:term":[{"taxonomy":"product_cat","embeddable":true,"href":"https:\/\/uniform.ee\/et\/wp-json\/wp\/v2\/product_cat?post=10015"},{"taxonomy":"product_tag","embeddable":true,"href":"https:\/\/uniform.ee\/et\/wp-json\/wp\/v2\/product_tag?post=10015"}],"curies":[{"name":"wp","href":"https:\/\/api.w.org\/{rel}","templated":true}]}}