{"id":10091,"date":"2024-03-19T20:59:50","date_gmt":"2024-03-19T18:59:50","guid":{"rendered":"https:\/\/uniform.ee\/ru\/?post_type=product&#038;p=10091"},"modified":"2026-03-04T20:01:56","modified_gmt":"2026-03-04T18:01:56","slug":"hallid-toopuksid-gym","status":"publish","type":"product","link":"https:\/\/uniform.ee\/et\/p\/hallid-toopuksid-gym\/","title":{"rendered":"Hallid t\u00f6\u00f6p\u00fcksid GYM suurus 36 (S) \/ 168"},"content":{"rendered":"<p><span style=\"color: #ff0000;\"><strong>Viimane suurus 36 (S), pikkusele 168 cm.<\/strong><\/span><\/p>\n<p>Riietus on kergest, \u00f5hk\u00f5nast materjalist, mis ei takista liigutusi.<\/p>\n<p>P\u00fcksid on kergest spandeksiga materjalist. Elastne v\u00f6\u00f6 ja pael \u00f5igeks s\u00e4ttimiseks v\u00f6\u00f6 piirkonnas, kaks pealistasku ja lisatasku p\u00fcksis\u00e4\u00e4rel.<\/p>\n<p>Kanga koostis: pol\u00fcester 92%, spandex (elastaan) 8%<\/p>\n<p>Pesemistemperatuur: 40 C<\/p>\n<p>Tundke vabadust igas liigutuses!<\/p>\n<p>&nbsp;<\/p>\n<table style=\"width: 38.934%; height: 445px;\" border=\"0\" width=\"773\" cellspacing=\"0\" cellpadding=\"0\">\n<tbody>\n<tr>\n<td class=\"xl71\" width=\"180\" height=\"53\"><\/td>\n<td class=\"xl66\" width=\"180\">V\u00f6\u00f6\u00fcmberm\u00f5tt<\/td>\n<td class=\"xl65\" width=\"180\">Puusa\u00fcmberm\u00f5tt<\/td>\n<td class=\"xl67\" width=\"180\">Pikkus 160<\/td>\n<td class=\"xl67\" width=\"180\">Pikkus 168<\/td>\n<td class=\"xl67\" width=\"180\">Pikkus 176<\/td>\n<\/tr>\n<tr>\n<td class=\"xl68\" height=\"53\">XS<\/td>\n<td class=\"xl73\">66-84<\/td>\n<td class=\"xl74\">94<\/td>\n<td class=\"xl75\" width=\"180\">95<\/td>\n<td class=\"xl75\" width=\"180\">98<\/td>\n<td class=\"xl75\" width=\"180\">100<\/td>\n<\/tr>\n<tr>\n<td class=\"xl68\" height=\"53\">S<\/td>\n<td class=\"xl76\">72-92<\/td>\n<td class=\"xl72\">100<\/td>\n<td class=\"xl77\" width=\"180\">95<\/td>\n<td class=\"xl77\" width=\"180\">98<\/td>\n<td class=\"xl77\" width=\"180\">100<\/td>\n<\/tr>\n<tr>\n<td class=\"xl68\" height=\"53\">M<\/td>\n<td class=\"xl72\">78-102<\/td>\n<td class=\"xl78\">108<\/td>\n<td class=\"xl79\" width=\"180\">95<\/td>\n<td class=\"xl79\" width=\"180\">98<\/td>\n<td class=\"xl79\" width=\"180\">101<\/td>\n<\/tr>\n<tr>\n<td class=\"xl69\" height=\"53\">L<\/td>\n<td class=\"xl80\">82-108<\/td>\n<td class=\"xl78\">114<\/td>\n<td class=\"xl79\" width=\"180\">95<\/td>\n<td class=\"xl79\" width=\"180\">98,5<\/td>\n<td class=\"xl79\" width=\"180\">102<\/td>\n<\/tr>\n<tr>\n<td class=\"xl70\" height=\"53\">XL<\/td>\n<td class=\"xl82\">90-112<\/td>\n<td class=\"xl81\">122<\/td>\n<td class=\"xl83\" width=\"180\">97<\/td>\n<td class=\"xl83\" width=\"180\">100<\/td>\n<td class=\"xl83\" width=\"180\">103<\/td>\n<\/tr>\n<tr>\n<td class=\"xl70\" height=\"53\">XXL<\/td>\n<td class=\"xl82\">94-116<\/td>\n<td class=\"xl81\">128<\/td>\n<td class=\"xl83\" width=\"180\">97<\/td>\n<td class=\"xl83\" width=\"180\">100<\/td>\n<td class=\"xl83\" width=\"180\">103<\/td>\n<\/tr>\n<tr>\n<td class=\"xl84\" colspan=\"6\" height=\"20\">\u00a0 The dimensions given above are the actual dimensions of the garment<\/td>\n<\/tr>\n<\/tbody>\n<\/table>\n<p><\/p>","protected":false},"excerpt":{"rendered":"<p>Viimane suurus 36 (S), pikkusele 168 cm. Riietus on kergest, \u00f5hk\u00f5nast materjalist, mis ei takista liigutusi. P\u00fcksid on kergest spandeksiga<\/p>\n","protected":false},"featured_media":11028,"template":"","meta":[],"product_cat":[34],"product_tag":[],"_links":{"self":[{"href":"https:\/\/uniform.ee\/et\/wp-json\/wp\/v2\/product\/10091"}],"collection":[{"href":"https:\/\/uniform.ee\/et\/wp-json\/wp\/v2\/product"}],"about":[{"href":"https:\/\/uniform.ee\/et\/wp-json\/wp\/v2\/types\/product"}],"wp:featuredmedia":[{"embeddable":true,"href":"https:\/\/uniform.ee\/et\/wp-json\/wp\/v2\/media\/11028"}],"wp:attachment":[{"href":"https:\/\/uniform.ee\/et\/wp-json\/wp\/v2\/media?parent=10091"}],"wp:term":[{"taxonomy":"product_cat","embeddable":true,"href":"https:\/\/uniform.ee\/et\/wp-json\/wp\/v2\/product_cat?post=10091"},{"taxonomy":"product_tag","embeddable":true,"href":"https:\/\/uniform.ee\/et\/wp-json\/wp\/v2\/product_tag?post=10091"}],"curies":[{"name":"wp","href":"https:\/\/api.w.org\/{rel}","templated":true}]}}