{"id":10098,"date":"2024-03-19T21:16:50","date_gmt":"2024-03-19T19:16:50","guid":{"rendered":"https:\/\/uniform.ee\/ru\/?post_type=product&#038;p=10098"},"modified":"2026-03-04T19:53:48","modified_gmt":"2026-03-04T17:53:48","slug":"valged-meditsiinipuksid","status":"publish","type":"product","link":"https:\/\/uniform.ee\/et\/p\/valged-meditsiinipuksid\/","title":{"rendered":"Valged meditsiinip\u00fcksid 44 (XXL) \/ 176 mudel 453"},"content":{"rendered":"<p><span style=\"color: #ff0000;\"><strong>Viimane suurus 44 (XXL), pikkusele 176 cm.<\/strong><\/span><\/p>\n<p>Palun m\u00f5\u00f5tke ennast ja v\u00f5rrelge suuruste tabeliga.<\/p>\n<p>P\u00fcksid on tehtud k\u00f5rgkvaliteetsest kangast, mis tagab maksimaalset liikumise mugavust. Kangas on vastupidav k\u00f5rgete temperatuuride ja keemiliste ainete suhtes.\u00a0V\u00f6\u00f6 piirkonnas kanga asemel on elastne trikotaa\u017e.<\/p>\n<p>T\u00e4nu k\u00f5rgkvaliteetsele materjalile ning tootmise ja viimistluse k\u00f5rgele standardile saab t\u00f6\u00f6riideid kanda pikki aastaid.<\/p>\n<p>Kangas: elastne puuvill.<\/p>\n<p>Koostis: 33% puuvill, 62% pol\u00fcester, 5% l\u00fckra.<\/p>\n<p>Kuna v\u00f6\u00f6s on trikotaa\u017eist vahedetail, siis on soovituslik pesta kuni 40-kraadises vees.<\/p>\n<p>&nbsp;<\/p>\n<table style=\"width: 40.4563%; height: 110px;\" width=\"1080\">\n<tbody>\n<tr style=\"height: 24px;\">\n<td style=\"width: 6.83532%; height: 24px;\" width=\"180\">Suurus<\/td>\n<td style=\"width: 3.90746%; height: 24px;\" width=\"180\">V\u00f6\u00f6\u00fcmberm\u00f5tt<\/td>\n<td style=\"width: 7.66593%; height: 24px;\" width=\"180\">Puusa<\/td>\n<td style=\"width: 9.50101%; height: 24px;\" width=\"180\">Pikkus 176 cm<\/td>\n<\/tr>\n<tr>\n<td style=\"width: 6.83532%;\">44 (XXL)<\/td>\n<td style=\"width: 3.90746%;\">111<\/td>\n<td style=\"width: 7.66593%;\">129<\/td>\n<td style=\"width: 9.50101%;\">105<\/td>\n<\/tr>\n<\/tbody>\n<\/table>\n<p>&nbsp;<\/p>\n<p>&nbsp;<\/p>\n<p>&nbsp;<\/p>\n<p>&nbsp;<\/p>","protected":false},"excerpt":{"rendered":"<p>Viimane suurus 44 (XXL), pikkusele 176 cm. Palun m\u00f5\u00f5tke ennast ja v\u00f5rrelge suuruste tabeliga. P\u00fcksid on tehtud k\u00f5rgkvaliteetsest kangast, mis<\/p>\n","protected":false},"featured_media":10918,"template":"","meta":[],"product_cat":[34,39],"product_tag":[],"_links":{"self":[{"href":"https:\/\/uniform.ee\/et\/wp-json\/wp\/v2\/product\/10098"}],"collection":[{"href":"https:\/\/uniform.ee\/et\/wp-json\/wp\/v2\/product"}],"about":[{"href":"https:\/\/uniform.ee\/et\/wp-json\/wp\/v2\/types\/product"}],"wp:featuredmedia":[{"embeddable":true,"href":"https:\/\/uniform.ee\/et\/wp-json\/wp\/v2\/media\/10918"}],"wp:attachment":[{"href":"https:\/\/uniform.ee\/et\/wp-json\/wp\/v2\/media?parent=10098"}],"wp:term":[{"taxonomy":"product_cat","embeddable":true,"href":"https:\/\/uniform.ee\/et\/wp-json\/wp\/v2\/product_cat?post=10098"},{"taxonomy":"product_tag","embeddable":true,"href":"https:\/\/uniform.ee\/et\/wp-json\/wp\/v2\/product_tag?post=10098"}],"curies":[{"name":"wp","href":"https:\/\/api.w.org\/{rel}","templated":true}]}}