{"id":10249,"date":"2024-03-22T15:43:07","date_gmt":"2024-03-22T13:43:07","guid":{"rendered":"https:\/\/uniform.ee\/ru\/?post_type=product&#038;p=10249"},"modified":"2026-04-15T12:10:10","modified_gmt":"2026-04-15T10:10:10","slug":"ortopeedilised-jalatsid-naistele-valged-evelin","status":"publish","type":"product","link":"https:\/\/uniform.ee\/et\/p\/ortopeedilised-jalatsid-naistele-valged-evelin\/","title":{"rendered":"Ortopeedilised jalatsid naistele valged Evelin"},"content":{"rendered":"<p>Mugavad kandmisel naiste sussid, anatoomilise vahetatava sisetallaga, reguleeritavad rihmad takjapaelaga.<\/p>\n<p>Sobivad laiale jalale.<\/p>\n<p>\u2022 Vahetatavad sisetallad on anatoomilise disainiga (v\u00f5ib tellida uued sisetallad ja kergelt v\u00e4lja vahetada)<br \/>\n\u2022 100% naturaalne nahk<\/p>\n<p>Pakutavad v\u00e4rvid: sinine ja valge.<\/p>\n<p><strong>Mudel sobib v\u00e4ga h\u00e4sti k\u00f5rge p\u00f6iaga laiale jalale, sest takjapaelaga rihmade abil on v\u00e4ga kerge suurust reguleerida.<\/strong><\/p>\n<p>M\u00f5\u00f5tke oma jalg ja valige suurus.<\/p>\n<table class=\"size_chart_table\" width=\"231\">\n<tbody>\n<tr>\n<td>36<\/td>\n<td>23,5 cm<\/td>\n<\/tr>\n<tr>\n<td>37<\/td>\n<td>24,cm<\/td>\n<\/tr>\n<tr>\n<td>38<\/td>\n<td>24,5 cm<\/td>\n<\/tr>\n<tr>\n<td>39<\/td>\n<td>25 cm<\/td>\n<\/tr>\n<tr>\n<td>40<\/td>\n<td>26 cm<\/td>\n<\/tr>\n<tr>\n<td>41<\/td>\n<td>26,5 cm<\/td>\n<\/tr>\n<\/tbody>\n<\/table>\n<p>Kontsa k\u00f5rgus 4,5 cm<\/p>\n<p>P\u00f6ia laius: F, G, H<\/p>\n<p>Laiuse t\u00e4hised (laius, k\u00f5rgus):<br \/>\nF = keskmisest kitsam, sobib madalamale p\u00f6iale<br \/>\nG = sobib normaalse laiuse ja k\u00f5rgusega jalgadele<br \/>\nH = keskmisest laiem, sobib k\u00f5rgemale p\u00f6iale<\/p>\n<p><strong>Komplekti ei kuulu vahetatavad lisasisetallad.<\/strong><\/p>\n<p>Pange t\u00e4hele, et:<\/p>\n<p>Antud mudeliga kaasas on standartne ortopeediline sisetald, mis on loodud tugi-liikumisaparaadi haiguste prof\u00fclaktikaks.<br \/>\nTeistest poodidest tellitud individuaalne sisetald antud \u00e4rav\u00f5etava sisetallaga mudelile ei sobi.<\/p>","protected":false},"excerpt":{"rendered":"<p>Mugavad kandmisel naiste sussid, anatoomilise vahetatava sisetallaga, reguleeritavad rihmad takjapaelaga. Sobivad laiale jalale. \u2022 Vahetatavad sisetallad on anatoomilise disainiga (v\u00f5ib<\/p>\n","protected":false},"featured_media":10245,"template":"","meta":[],"product_cat":[35],"product_tag":[],"_links":{"self":[{"href":"https:\/\/uniform.ee\/et\/wp-json\/wp\/v2\/product\/10249"}],"collection":[{"href":"https:\/\/uniform.ee\/et\/wp-json\/wp\/v2\/product"}],"about":[{"href":"https:\/\/uniform.ee\/et\/wp-json\/wp\/v2\/types\/product"}],"wp:featuredmedia":[{"embeddable":true,"href":"https:\/\/uniform.ee\/et\/wp-json\/wp\/v2\/media\/10245"}],"wp:attachment":[{"href":"https:\/\/uniform.ee\/et\/wp-json\/wp\/v2\/media?parent=10249"}],"wp:term":[{"taxonomy":"product_cat","embeddable":true,"href":"https:\/\/uniform.ee\/et\/wp-json\/wp\/v2\/product_cat?post=10249"},{"taxonomy":"product_tag","embeddable":true,"href":"https:\/\/uniform.ee\/et\/wp-json\/wp\/v2\/product_tag?post=10249"}],"curies":[{"name":"wp","href":"https:\/\/api.w.org\/{rel}","templated":true}]}}