{"id":10625,"date":"2024-03-24T18:26:33","date_gmt":"2024-03-24T16:26:33","guid":{"rendered":"https:\/\/uniform.ee\/ru\/?post_type=product&#038;p=10625"},"modified":"2024-06-19T19:45:15","modified_gmt":"2024-06-19T17:45:15","slug":"hall-poll","status":"publish","type":"product","link":"https:\/\/uniform.ee\/et\/p\/hall-poll\/","title":{"rendered":"Hall p\u00f5ll"},"content":{"rendered":"<p>Universaalne suurus.<\/p>\n<div class=\"x78zum5\">\n<div class=\"x78zum5 x1iyjqo2 xs83m0k xeuugli\">\n<div class=\"html-div xe8uvvx xdj266r x11i5rnm xat24cr x1mh8g0r xexx8yu x4uap5 x18d9i69 xkhd6sd x1h91t0o xkh2ocl x78zum5 xdt5ytf x13a6bvl x1eb86dx xhj03cu\">\n<div class=\"x78zum5 xh8yej3\">\n<div class=\"x1cy8zhl x78zum5 xdt5ytf x193iq5w x1n2onr6 x1kxipp6\">\n<div class=\"x78zum5 xh8yej3\">\n<div class=\"html-div xe8uvvx xdj266r x11i5rnm xat24cr x1mh8g0r xexx8yu x4uap5 x18d9i69 xkhd6sd x6ikm8r x10wlt62\">\n<div class=\"html-div xe8uvvx xdj266r x11i5rnm xat24cr x1mh8g0r x1tlxs6b x1g8br2z x1gn5b1j x230xth x14ctfv x1okitfd x6ikm8r x10wlt62 x1y1aw1k xwib8y2 x1ye3gou xn6708d x1n2onr6 x1vjfegm x1mzt3pk x13faqbe x1xr0vuk x1jm4cbz x1lmq8lz xrrpcnn x1xtl47e x13fuv20 xu3j5b3 x1q0q8m5 x26u7qi x1tdhcrn x17i5p6 xeqhmsb x1bab9rp x1ucz5p\">\n<div class=\"x9f619 x1n2onr6 x1ja2u2z __fb-light-mode\">\n<div class=\"x1gslohp x11i5rnm x12nagc x1mh8g0r x1yc453h x126k92a x18lvrbx\">P\u00f5ll veekindlast materjalist. Kerge pesta ja kuivab kiiresti. P\u00f5lle l\u00f5ige r\u00f5hutab naiseliku kuju.<\/div>\n<\/div>\n<\/div>\n<\/div>\n<div class=\"html-div xe8uvvx xdj266r x11i5rnm xat24cr x1mh8g0r xexx8yu x4uap5 x18d9i69 xkhd6sd x1h91t0o xkh2ocl x78zum5 xdt5ytf x13a6bvl x193iq5w x1iyjqo2 x1eb86dx\">\n<div class=\"html-div xe8uvvx xdj266r x11i5rnm xat24cr x1mh8g0r xexx8yu x4uap5 x18d9i69 xkhd6sd x1r8uery x1iyjqo2\"><\/div>\n<\/div>\n<\/div>\n<\/div>\n<\/div>\n<\/div>\n<\/div>\n<\/div>\n<p>Materjal: 100% pol\u00fcester<br \/>\nPesemisjuhend: Pesu 40\u00b0C<\/p>\n<p>Tootmisriik: Eesti<\/p>\n<p>Enne kasutamist, mugavuse tagamiseks, on soovitav loputada pesuloputusvahendis.<\/p>","protected":false},"excerpt":{"rendered":"<p>Universaalne suurus. P\u00f5ll veekindlast materjalist. Kerge pesta ja kuivab kiiresti. P\u00f5lle l\u00f5ige r\u00f5hutab naiseliku kuju. Materjal: 100% pol\u00fcester Pesemisjuhend: Pesu<\/p>\n","protected":false},"featured_media":10639,"template":"","meta":[],"product_cat":[37],"product_tag":[],"_links":{"self":[{"href":"https:\/\/uniform.ee\/et\/wp-json\/wp\/v2\/product\/10625"}],"collection":[{"href":"https:\/\/uniform.ee\/et\/wp-json\/wp\/v2\/product"}],"about":[{"href":"https:\/\/uniform.ee\/et\/wp-json\/wp\/v2\/types\/product"}],"wp:featuredmedia":[{"embeddable":true,"href":"https:\/\/uniform.ee\/et\/wp-json\/wp\/v2\/media\/10639"}],"wp:attachment":[{"href":"https:\/\/uniform.ee\/et\/wp-json\/wp\/v2\/media?parent=10625"}],"wp:term":[{"taxonomy":"product_cat","embeddable":true,"href":"https:\/\/uniform.ee\/et\/wp-json\/wp\/v2\/product_cat?post=10625"},{"taxonomy":"product_tag","embeddable":true,"href":"https:\/\/uniform.ee\/et\/wp-json\/wp\/v2\/product_tag?post=10625"}],"curies":[{"name":"wp","href":"https:\/\/api.w.org\/{rel}","templated":true}]}}