{"id":10822,"date":"2024-04-14T14:35:46","date_gmt":"2024-04-14T12:35:46","guid":{"rendered":"https:\/\/uniform.ee\/ru\/?post_type=product&#038;p=10822"},"modified":"2026-03-27T11:47:37","modified_gmt":"2026-03-27T09:47:37","slug":"meditsiini-tookittel-student","status":"publish","type":"product","link":"https:\/\/uniform.ee\/et\/p\/meditsiini-tookittel-student\/","title":{"rendered":"Meditsiini t\u00f6\u00f6kittel valge Student"},"content":{"rendered":"<p>Klassikaline valge meditsiiniline kittel n\u00f6\u00f6pidega, pikkade varrukatega, sirge ja kergelt taljesse t\u00f6\u00f6deldud l\u00f5ikega. Kittel on varustatud praktiliste taskutega ning sobib t\u00f6\u00f6tamiseks meditsiinikeskkonnas, samuti teistes kohtades, kus on vajalik t\u00f6\u00f6riiete vahetamine. Valmistatud spetsiaalsest meditsiinilisest kangast, mis on vastupidav, hingav ja mugav kanda ka pika t\u00f6\u00f6p\u00e4eva jooksul.<\/p>\n<p>Enne ostu tutvuge m\u00f5\u00f5dutabeliga.<\/p>\n<p>Valmistatud spetsiaalsest kangast meditsiinilise t\u00f6\u00f6riietuse jaoks.<\/p>\n<p>Materjal: 58% puuvill, 39% pol\u00fcester, elastaan 3%<br \/>\nSoovitatav pesemistemperatuur v\u00e4rvilistele riietele: 40\u00b0C.<\/p>\n<p>Soovitatav pesemistemperatuur valgetele riietele: 40\u00b0C.<\/p>\n<p>Tootmisriik: Eesti<\/p>\n<p>&nbsp;<\/p>\n<table style=\"height: 260px; width: 36.0778%;\" width=\"435\">\n<thead>\n<tr>\n<th style=\"width: 15.0115%;\">Suurus<\/th>\n<th style=\"width: 37.6443%;\">Rinna\u00fcmberm\u00f5\u00f5t (cm)<\/th>\n<th style=\"width: 12.2402%;\">V\u00f6\u00f6 (cm)<\/th>\n<th style=\"width: 15.2425%;\">Puusa (cm)<\/th>\n<th style=\"width: 16.6282%;\">Pikkus (cm)<\/th>\n<\/tr>\n<\/thead>\n<tbody>\n<tr>\n<td style=\"width: 15.0115%;\">34 (XS)<\/td>\n<td style=\"width: 37.6443%;\">90<\/td>\n<td style=\"width: 12.2402%;\">79<\/td>\n<td style=\"width: 15.2425%;\">98<\/td>\n<td style=\"width: 16.6282%;\">90<\/td>\n<\/tr>\n<tr>\n<td style=\"width: 15.0115%;\">36 (S)<\/td>\n<td style=\"width: 37.6443%;\">96<\/td>\n<td style=\"width: 12.2402%;\">85<\/td>\n<td style=\"width: 15.2425%;\">104<\/td>\n<td style=\"width: 16.6282%;\">90<\/td>\n<\/tr>\n<tr>\n<td style=\"width: 15.0115%;\">38 (M)<\/td>\n<td style=\"width: 37.6443%;\">102<\/td>\n<td style=\"width: 12.2402%;\">91<\/td>\n<td style=\"width: 15.2425%;\">110<\/td>\n<td style=\"width: 16.6282%;\">90<\/td>\n<\/tr>\n<tr>\n<td style=\"width: 15.0115%;\">40 (L)<\/td>\n<td style=\"width: 37.6443%;\">108<\/td>\n<td style=\"width: 12.2402%;\">97<\/td>\n<td style=\"width: 15.2425%;\">116<\/td>\n<td style=\"width: 16.6282%;\">90<\/td>\n<\/tr>\n<tr>\n<td style=\"width: 15.0115%;\">42 (XL)<\/td>\n<td style=\"width: 37.6443%;\">114<\/td>\n<td style=\"width: 12.2402%;\">103<\/td>\n<td style=\"width: 15.2425%;\">122<\/td>\n<td style=\"width: 16.6282%;\">90<\/td>\n<\/tr>\n<tr>\n<td style=\"width: 15.0115%;\">44 (XXL)<\/td>\n<td style=\"width: 37.6443%;\">120<\/td>\n<td style=\"width: 12.2402%;\">110<\/td>\n<td style=\"width: 15.2425%;\">128<\/td>\n<td style=\"width: 16.6282%;\">90<\/td>\n<\/tr>\n<\/tbody>\n<\/table>\n<p><\/p>","protected":false},"excerpt":{"rendered":"<p>Klassikaline valge meditsiiniline kittel n\u00f6\u00f6pidega, pikkade varrukatega, sirge ja kergelt taljesse t\u00f6\u00f6deldud l\u00f5ikega. Kittel on varustatud praktiliste taskutega ning sobib<\/p>\n","protected":false},"featured_media":12215,"template":"","meta":[],"product_cat":[38],"product_tag":[],"_links":{"self":[{"href":"https:\/\/uniform.ee\/et\/wp-json\/wp\/v2\/product\/10822"}],"collection":[{"href":"https:\/\/uniform.ee\/et\/wp-json\/wp\/v2\/product"}],"about":[{"href":"https:\/\/uniform.ee\/et\/wp-json\/wp\/v2\/types\/product"}],"wp:featuredmedia":[{"embeddable":true,"href":"https:\/\/uniform.ee\/et\/wp-json\/wp\/v2\/media\/12215"}],"wp:attachment":[{"href":"https:\/\/uniform.ee\/et\/wp-json\/wp\/v2\/media?parent=10822"}],"wp:term":[{"taxonomy":"product_cat","embeddable":true,"href":"https:\/\/uniform.ee\/et\/wp-json\/wp\/v2\/product_cat?post=10822"},{"taxonomy":"product_tag","embeddable":true,"href":"https:\/\/uniform.ee\/et\/wp-json\/wp\/v2\/product_tag?post=10822"}],"curies":[{"name":"wp","href":"https:\/\/api.w.org\/{rel}","templated":true}]}}