{"id":10955,"date":"2024-04-24T12:45:16","date_gmt":"2024-04-24T10:45:16","guid":{"rendered":"https:\/\/uniform.ee\/ru\/?post_type=product&#038;p=10955"},"modified":"2024-10-03T15:29:56","modified_gmt":"2024-10-03T13:29:56","slug":"kittelkleit-amarant-suurus-34-xs","status":"publish","type":"product","link":"https:\/\/uniform.ee\/et\/p\/kittelkleit-amarant-suurus-34-xs-naiste-tooriided\/","title":{"rendered":"T\u00f6\u00f6kittel amarant suurus 34 (XS) Naiste t\u00f6\u00f6riided"},"content":{"rendered":"<p>Viimane suurus 34 (XS)<\/p>\n<p>Stiilne naiste meditsiiniline ja spaa kittel<\/p>\n<p>Elegantne amarant meditsiinikittel, millel on as\u00fcmmeetriline trukk-kinnis. Ideaalne valik meditsiiniasutustes ja spaades t\u00f6\u00f6tamiseks. Mugav mudel l\u00fchikeste varrukatega, valmistatud kvaliteetsetest ja vastupidavatest materjalidest, mis tagavad pikaealisuse ja lihtsa hoolduse.<\/p>\n<p>&nbsp;<\/p>\n<p>On valmistatud spetsiaalsest kangast meditsiinilise t\u00f6\u00f6riietuse jaoks.<\/p>\n<div>Materjal: 35% puuvill, 65% pol\u00fcester<\/div>\n<div>\n<p>Soovitatav pesemise temperatuur v\u00e4rvilistele riietele: 40\u00b0C.<\/p>\n<p>Soovitatav pesemise temperatuur valgetele riietele: 60\u00b0C.<\/p>\n<p>Antud mudel allam\u00f5\u00f5duline. Palun m\u00f5\u00f5tke ennast ja v\u00f5rrelge suuruste tabeliga. Rinna\u00fcmberm\u00f5\u00f5t on k\u00f5ige t\u00e4htsam: mida suurem see on &#8211; seda suurem on t\u00f6\u00f6riietus.<\/p>\n<\/div>\n<p>M\u00f5\u00f5dutabel<\/p>\n<table style=\"height: 136px;\" width=\"362\">\n<tbody>\n<tr>\n<td width=\"89\">Suurus<\/td>\n<td width=\"131\">Rinna\u00fcmberm\u00f5tt<\/td>\n<td width=\"120\">V\u00f6\u00f6\u00fcmber.<\/td>\n<td width=\"139\">Puusa\u00fcmber.<\/td>\n<td width=\"117\">Pikkus<\/td>\n<\/tr>\n<tr>\n<td>34<\/td>\n<td>86<\/td>\n<td>76<\/td>\n<td>94<\/td>\n<td>93<\/td>\n<\/tr>\n<tr>\n<td>36<\/td>\n<td>88<\/td>\n<td>78<\/td>\n<td>97<\/td>\n<td>93<\/td>\n<\/tr>\n<tr>\n<td>38<\/td>\n<td>91<\/td>\n<td>82<\/td>\n<td>100<\/td>\n<td>94<\/td>\n<\/tr>\n<tr>\n<td>40<\/td>\n<td>95<\/td>\n<td>86<\/td>\n<td>103<\/td>\n<td>94<\/td>\n<\/tr>\n<\/tbody>\n<\/table>\n<p><\/p>","protected":false},"excerpt":{"rendered":"<p>Viimane suurus 34 (XS) Stiilne naiste meditsiiniline ja spaa kittel Elegantne amarant meditsiinikittel, millel on as\u00fcmmeetriline trukk-kinnis. Ideaalne valik meditsiiniasutustes<\/p>\n","protected":false},"featured_media":10959,"template":"","meta":[],"product_cat":[38,39],"product_tag":[],"_links":{"self":[{"href":"https:\/\/uniform.ee\/et\/wp-json\/wp\/v2\/product\/10955"}],"collection":[{"href":"https:\/\/uniform.ee\/et\/wp-json\/wp\/v2\/product"}],"about":[{"href":"https:\/\/uniform.ee\/et\/wp-json\/wp\/v2\/types\/product"}],"wp:featuredmedia":[{"embeddable":true,"href":"https:\/\/uniform.ee\/et\/wp-json\/wp\/v2\/media\/10959"}],"wp:attachment":[{"href":"https:\/\/uniform.ee\/et\/wp-json\/wp\/v2\/media?parent=10955"}],"wp:term":[{"taxonomy":"product_cat","embeddable":true,"href":"https:\/\/uniform.ee\/et\/wp-json\/wp\/v2\/product_cat?post=10955"},{"taxonomy":"product_tag","embeddable":true,"href":"https:\/\/uniform.ee\/et\/wp-json\/wp\/v2\/product_tag?post=10955"}],"curies":[{"name":"wp","href":"https:\/\/api.w.org\/{rel}","templated":true}]}}