{"id":11604,"date":"2025-02-10T15:30:27","date_gmt":"2025-02-10T13:30:27","guid":{"rendered":"https:\/\/uniform.ee\/et\/?post_type=product&#038;p=11604"},"modified":"2025-02-13T10:40:04","modified_gmt":"2025-02-13T08:40:04","slug":"naiste-tooriided-toopluus-munt-mb02","status":"publish","type":"product","link":"https:\/\/uniform.ee\/et\/p\/naiste-tooriided-toopluus-munt-mb02\/","title":{"rendered":"Naiste t\u00f6\u00f6riided &#8211; t\u00f6\u00f6pluus m\u00fcnt MB02"},"content":{"rendered":"<p><\/p>\n<div>Klassikaline t\u00f6\u00f6pluus kergelt taljes.<\/div>\n<div><\/div>\n<div>Enne ostu tutvuge m\u00f5\u00f5dutabeliga.<\/div>\n<div><\/div>\n<div>\n<div>On valmistatud spetsiaalsest kangast meditsiinilise t\u00f6\u00f6riietuse jaoks.<\/div>\n<\/div>\n<div><\/div>\n<div>Materjal: 35% puuvill, 65% pol\u00fcester<\/div>\n<div>\n<p>Soovitatav pesemise temperatuur v\u00e4rvilistele riietele: 40\u00b0C &#8211;\u00a060\u00b0C<\/p>\n<p>Soovitatav pesemise temperatuur valgetele riietele: 60\u00b0C<\/p>\n<\/div>\n<div><\/div>\n<div>Tootmisriik: Eesti<\/div>\n<div><\/div>\n<div>Fotol olev modell kannab suurust 36-38, pikkus 172 cm, t\u00f6\u00f6pluuse\u00a0suurus 38 (M).<\/div>\n<div><\/div>\n<div>\n<div>M\u00f5\u00f5dutabel<\/div>\n<div><\/div>\n<div>\n<table style=\"width: 28.2396%; height: 170px;\">\n<tbody>\n<tr style=\"height: 24px;\">\n<td style=\"height: 24px;\" width=\"180\">Suurus<\/td>\n<td style=\"height: 24px;\" width=\"180\">Rinna\u00fcmberm\u00f5tt<\/td>\n<td style=\"height: 24px;\" width=\"180\">V\u00f6\u00f6\u00fcmber.<\/td>\n<td style=\"height: 24px;\" width=\"180\">Puusa\u00fcmber.<\/td>\n<td style=\"height: 24px;\" width=\"180\">Pikkus<\/td>\n<\/tr>\n<tr style=\"height: 24px;\">\n<td style=\"height: 24px;\">S<\/td>\n<td style=\"height: 24px;\">95<\/td>\n<td style=\"height: 24px;\">90<\/td>\n<td style=\"height: 24px;\">97<\/td>\n<td style=\"height: 24px;\" width=\"180\">70<\/td>\n<\/tr>\n<tr style=\"height: 24px;\">\n<td style=\"height: 24px;\">M<\/td>\n<td style=\"height: 24px;\">101<\/td>\n<td style=\"height: 24px;\">96<\/td>\n<td style=\"height: 24px;\">103<\/td>\n<td style=\"height: 24px;\" width=\"180\">70<\/td>\n<\/tr>\n<tr style=\"height: 24px;\">\n<td style=\"height: 24px;\">L<\/td>\n<td style=\"height: 24px;\">107<\/td>\n<td style=\"height: 24px;\">102<\/td>\n<td style=\"height: 24px;\">109<\/td>\n<td style=\"height: 24px;\" width=\"180\">70<\/td>\n<\/tr>\n<tr style=\"height: 24px;\">\n<td style=\"height: 24px;\"><\/td>\n<td style=\"height: 24px;\"><\/td>\n<td style=\"height: 24px;\"><\/td>\n<td style=\"height: 24px;\"><\/td>\n<td style=\"height: 24px;\" width=\"180\"><\/td>\n<\/tr>\n<tr style=\"height: 24px;\">\n<td style=\"height: 24px;\"><\/td>\n<td style=\"height: 24px;\"><\/td>\n<td style=\"height: 24px;\"><\/td>\n<td style=\"height: 24px;\"><\/td>\n<td style=\"height: 24px;\" width=\"180\"><\/td>\n<\/tr>\n<\/tbody>\n<\/table>\n<\/div>\n<\/div>\n<p><\/p>","protected":false},"excerpt":{"rendered":"<p>Klassikaline t\u00f6\u00f6pluus kergelt taljes. Enne ostu tutvuge m\u00f5\u00f5dutabeliga. On valmistatud spetsiaalsest kangast meditsiinilise t\u00f6\u00f6riietuse jaoks. Materjal: 35% puuvill, 65% pol\u00fcester<\/p>\n","protected":false},"featured_media":11593,"template":"","meta":[],"product_cat":[33],"product_tag":[],"_links":{"self":[{"href":"https:\/\/uniform.ee\/et\/wp-json\/wp\/v2\/product\/11604"}],"collection":[{"href":"https:\/\/uniform.ee\/et\/wp-json\/wp\/v2\/product"}],"about":[{"href":"https:\/\/uniform.ee\/et\/wp-json\/wp\/v2\/types\/product"}],"wp:featuredmedia":[{"embeddable":true,"href":"https:\/\/uniform.ee\/et\/wp-json\/wp\/v2\/media\/11593"}],"wp:attachment":[{"href":"https:\/\/uniform.ee\/et\/wp-json\/wp\/v2\/media?parent=11604"}],"wp:term":[{"taxonomy":"product_cat","embeddable":true,"href":"https:\/\/uniform.ee\/et\/wp-json\/wp\/v2\/product_cat?post=11604"},{"taxonomy":"product_tag","embeddable":true,"href":"https:\/\/uniform.ee\/et\/wp-json\/wp\/v2\/product_tag?post=11604"}],"curies":[{"name":"wp","href":"https:\/\/api.w.org\/{rel}","templated":true}]}}