{"id":11842,"date":"2025-06-16T19:22:53","date_gmt":"2025-06-16T17:22:53","guid":{"rendered":"https:\/\/uniform.ee\/et\/?post_type=product&#038;p=11842"},"modified":"2025-06-16T19:24:57","modified_gmt":"2025-06-16T17:24:57","slug":"meeste-ortopeedilised-jalatsid-pruun-apollon","status":"publish","type":"product","link":"https:\/\/uniform.ee\/et\/p\/meeste-ortopeedilised-jalatsid-pruun-apollon\/","title":{"rendered":"Meeste ortopeedilised jalatsid, pruun Apollon"},"content":{"rendered":"<p><span style=\"color: #4a4a4a;\"><strong>Ettetellimisel. Tarneaeg 1 kuni 6 n\u00e4dalat.\u00a0\u00a0Suurus 42 on olemas kohapeal.\u00a0<\/strong><\/span><\/p>\n<ul>\n<li>\u00dclim mugavus.<\/li>\n<li>Sandaalid on valmistatud 100% kvaliteetsest looduslikust nahast.<\/li>\n<li>Anatoomiline tald tagab maksimaalse mugavuse.<\/li>\n<li>Reguleeritav kannaosa rihm ja nahkpealne tagavad ideaalse sobivuse.<\/li>\n<\/ul>\n<p>Sisetalla pikkus:<\/p>\n<table class=\"size_chart_table\" style=\"height: 170px;\" width=\"286\">\n<tbody>\n<tr>\n<td>41<\/td>\n<td>25 cm<\/td>\n<\/tr>\n<tr>\n<td>42<\/td>\n<td>26 cm<\/td>\n<\/tr>\n<tr>\n<td>43<\/td>\n<td>26,5 cm<\/td>\n<\/tr>\n<tr>\n<td>44<\/td>\n<td>27 cm<\/td>\n<\/tr>\n<tr>\n<td>45<\/td>\n<td>27,5 cm<\/td>\n<\/tr>\n<tr>\n<td>46<\/td>\n<td>28 cm<\/td>\n<\/tr>\n<\/tbody>\n<\/table>\n<p><strong>Meeste sandaalid Apollo<\/strong>\u00a0elegantses pruunis v\u00e4rvitoonis. Need stiilsed nahast t\u00e4navajalatsid on praktiline ja mugav valik igaks elujuhtumiks. Anatoomiline sisetald, reguleeritav nahkpealne ja \u00fclikerge, paindlik loodusliku korgi efektiga tald tagavad maksimaalse mugavuse. Ideaalne igap\u00e4evaseks kandmiseks, t\u00f6\u00f6le v\u00f5i vaba aja veetmiseks.<\/p>\n<p>P\u00f6ia laius: F, G, H<\/p>\n<p>Laiuse t\u00e4hised (laius, k\u00f5rgus):<br \/>\nF = keskmisest kitsam, sobib madalamale p\u00f6iale<br \/>\nG = sobib normaalse laiuse ja k\u00f5rgusega jalgadele<br \/>\nH = keskmisest laiem, sobib k\u00f5rgemale p\u00f6iale<\/p>","protected":false},"excerpt":{"rendered":"<p>Ettetellimisel. Tarneaeg 1 kuni 6 n\u00e4dalat.\u00a0\u00a0Suurus 42 on olemas kohapeal.\u00a0 \u00dclim mugavus. Sandaalid on valmistatud 100% kvaliteetsest looduslikust nahast. Anatoomiline<\/p>\n","protected":false},"featured_media":11853,"template":"","meta":[],"product_cat":[35,36],"product_tag":[],"_links":{"self":[{"href":"https:\/\/uniform.ee\/et\/wp-json\/wp\/v2\/product\/11842"}],"collection":[{"href":"https:\/\/uniform.ee\/et\/wp-json\/wp\/v2\/product"}],"about":[{"href":"https:\/\/uniform.ee\/et\/wp-json\/wp\/v2\/types\/product"}],"wp:featuredmedia":[{"embeddable":true,"href":"https:\/\/uniform.ee\/et\/wp-json\/wp\/v2\/media\/11853"}],"wp:attachment":[{"href":"https:\/\/uniform.ee\/et\/wp-json\/wp\/v2\/media?parent=11842"}],"wp:term":[{"taxonomy":"product_cat","embeddable":true,"href":"https:\/\/uniform.ee\/et\/wp-json\/wp\/v2\/product_cat?post=11842"},{"taxonomy":"product_tag","embeddable":true,"href":"https:\/\/uniform.ee\/et\/wp-json\/wp\/v2\/product_tag?post=11842"}],"curies":[{"name":"wp","href":"https:\/\/api.w.org\/{rel}","templated":true}]}}