{"id":11854,"date":"2025-06-16T19:27:43","date_gmt":"2025-06-16T17:27:43","guid":{"rendered":"https:\/\/uniform.ee\/et\/?post_type=product&#038;p=11854"},"modified":"2025-06-16T19:30:45","modified_gmt":"2025-06-16T17:30:45","slug":"meeste-ortopeedilised-jalatsid-zeusz","status":"publish","type":"product","link":"https:\/\/uniform.ee\/et\/p\/meeste-ortopeedilised-jalatsid-zeusz\/","title":{"rendered":"Meeste ortopeedilised jalatsid Zeusz"},"content":{"rendered":"<p><span style=\"color: #4a4a4a;\"><strong>Ettetellimisel. Tarneaeg 1 kuni 6 n\u00e4dalat.\u00a0\u00a0Suurus 42 on olemas kohapeal.\u00a0<\/strong><\/span><\/p>\n<ul>\n<li>Erakordne mugavus<\/li>\n<li>100% looduslik nahk, valitud kvaliteediga.<\/li>\n<li>Anatoomiline tald maksimaalse mugavuse tagamiseks.<\/li>\n<li>Reguleeritav rihm ideaalse sobivuse jaoks.<\/li>\n<\/ul>\n<p>Sisetalla pikkus:<\/p>\n<table class=\"size_chart_table\" style=\"height: 170px;\" width=\"286\">\n<tbody>\n<tr>\n<td>41<\/td>\n<td>25 cm<\/td>\n<\/tr>\n<tr>\n<td>42<\/td>\n<td>26 cm<\/td>\n<\/tr>\n<tr>\n<td>43<\/td>\n<td>26,5 cm<\/td>\n<\/tr>\n<tr>\n<td>44<\/td>\n<td>27 cm<\/td>\n<\/tr>\n<tr>\n<td>45<\/td>\n<td>27,5 cm<\/td>\n<\/tr>\n<tr>\n<td>46<\/td>\n<td>28 cm<\/td>\n<\/tr>\n<\/tbody>\n<\/table>\n<p><strong>Meeste sussid Zeusz<\/strong>\u00a0rohelises v\u00e4rvitoonis. Nooruslikud ja moekad nahksed sussid \u2014 ideaalne valik praktiliseks, mugavaks ja universaalseks jalatsiks meestele. Mugavust tagab anatoomiline sisetald, reguleeritav nahkpealne ja \u00fclimalt kerge, paindlik tald loodusliku korki efektiga. Kerge ja mugav igap\u00e4evaseks kandmiseks, t\u00f6\u00f6le v\u00f5i vaba aja veetmiseks.<\/p>\n<p><strong>P\u00f6ia laius: F, G<\/strong><\/p>\n<p>Laiuse t\u00e4hised (laius, k\u00f5rgus):<br \/>\nF = keskmisest kitsam, sobib madalamale p\u00f6iale<br \/>\nG = sobib normaalse laiuse ja k\u00f5rgusega jalgadele<br \/>\nH = keskmisest laiem, sobib k\u00f5rgemale p\u00f6iale<\/p>","protected":false},"excerpt":{"rendered":"<p>Ettetellimisel. Tarneaeg 1 kuni 6 n\u00e4dalat.\u00a0\u00a0Suurus 42 on olemas kohapeal.\u00a0 Erakordne mugavus 100% looduslik nahk, valitud kvaliteediga. Anatoomiline tald maksimaalse<\/p>\n","protected":false},"featured_media":11859,"template":"","meta":[],"product_cat":[35,36],"product_tag":[],"_links":{"self":[{"href":"https:\/\/uniform.ee\/et\/wp-json\/wp\/v2\/product\/11854"}],"collection":[{"href":"https:\/\/uniform.ee\/et\/wp-json\/wp\/v2\/product"}],"about":[{"href":"https:\/\/uniform.ee\/et\/wp-json\/wp\/v2\/types\/product"}],"wp:featuredmedia":[{"embeddable":true,"href":"https:\/\/uniform.ee\/et\/wp-json\/wp\/v2\/media\/11859"}],"wp:attachment":[{"href":"https:\/\/uniform.ee\/et\/wp-json\/wp\/v2\/media?parent=11854"}],"wp:term":[{"taxonomy":"product_cat","embeddable":true,"href":"https:\/\/uniform.ee\/et\/wp-json\/wp\/v2\/product_cat?post=11854"},{"taxonomy":"product_tag","embeddable":true,"href":"https:\/\/uniform.ee\/et\/wp-json\/wp\/v2\/product_tag?post=11854"}],"curies":[{"name":"wp","href":"https:\/\/api.w.org\/{rel}","templated":true}]}}