{"id":9734,"date":"2024-03-16T17:20:50","date_gmt":"2024-03-16T15:20:50","guid":{"rendered":"https:\/\/uniform.ee\/ru\/?post_type=product&#038;p=9734"},"modified":"2026-03-09T14:26:10","modified_gmt":"2026-03-09T12:26:10","slug":"naiste-tookittel-must-roosa-kandiga","status":"publish","type":"product","link":"https:\/\/uniform.ee\/et\/p\/naiste-tookittel-must-roosa-kandiga-mudel-st07\/","title":{"rendered":"Naiste t\u00f6\u00f6kittel must roosa kandiga mudel ST07"},"content":{"rendered":"<p>Meie kittel sobib h\u00e4sti t\u00f6\u00f6ks ilusalongides, meditsiinilistes asutustes ja SPA-keskustes.<\/p>\n<p>Me kujundasime t\u00f6\u00f6 jaoks mugavat ja samas elegantset mudelit, mis r\u00f5hutab naiselikkust. Antud kitli mudel on p\u00fcstkraega &#8211; kael on ilusti esitletud ja samas kaitstud. Kinni pannakse tugevate ja kvaliteetsete trukkide abil, mis asuvad k\u00fclje peal.<\/p>\n<div>\n<div>Enne ostu tutvuge m\u00f5\u00f5dutabeliga.<\/div>\n<div><\/div>\n<div>On valmistatud spetsiaalsest kangast meditsiinilise t\u00f6\u00f6riietuse jaoks.<\/div>\n<div><\/div>\n<div>Materjal: 35% puuvill, 65% pol\u00fcester<\/div>\n<div>\n<p>Soovitatav pesemise temperatuur v\u00e4rvilistele riietele: 40\u00b0C.<\/p>\n<p>Soovitatav pesemise temperatuur valgetele riietele: 60\u00b0C.<\/p>\n<\/div>\n<div>Tootmisriik: Eesti<\/div>\n<div><\/div>\n<\/div>\n<div>\n<div>Fotol olev modell kannab suurust 36-38, pikkus 172 cm, tuunika suurus 38 (M).<\/div>\n<div><\/div>\n<\/div>\n<div><\/div>\n<div>\n<div>M\u00f5\u00f5dutabel<\/div>\n<div><\/div>\n<div>\n<table style=\"width: 45.6949%; height: 144px;\">\n<tbody>\n<tr>\n<td width=\"180\">Suurus<\/td>\n<td width=\"180\">Rinna\u00fcmberm\u00f5tt<\/td>\n<td width=\"180\">V\u00f6\u00f6\u00fcmber.<\/td>\n<td width=\"180\">Puusa\u00fcmber.<\/td>\n<td width=\"180\">Pikkus<\/td>\n<\/tr>\n<tr>\n<td>34<\/td>\n<td>86<\/td>\n<td>67<\/td>\n<td>96<\/td>\n<td width=\"180\">70<\/td>\n<\/tr>\n<tr>\n<td>36<\/td>\n<td>90<\/td>\n<td>73<\/td>\n<td>102<\/td>\n<td width=\"180\">70<\/td>\n<\/tr>\n<tr>\n<td>38<\/td>\n<td>97<\/td>\n<td>79<\/td>\n<td>108<\/td>\n<td width=\"180\">71<\/td>\n<\/tr>\n<tr>\n<td>40<\/td>\n<td>105<\/td>\n<td>87<\/td>\n<td>116<\/td>\n<td width=\"180\">72<\/td>\n<\/tr>\n<tr>\n<td>42<\/td>\n<td>114<\/td>\n<td>95<\/td>\n<td>124<\/td>\n<td width=\"180\">73<\/td>\n<\/tr>\n<\/tbody>\n<\/table>\n<\/div>\n<\/div>\n<p><\/p>","protected":false},"excerpt":{"rendered":"<p>Meie kittel sobib h\u00e4sti t\u00f6\u00f6ks ilusalongides, meditsiinilistes asutustes ja SPA-keskustes. Me kujundasime t\u00f6\u00f6 jaoks mugavat ja samas elegantset mudelit, mis<\/p>\n","protected":false},"featured_media":10592,"template":"","meta":[],"product_cat":[33],"product_tag":[],"_links":{"self":[{"href":"https:\/\/uniform.ee\/et\/wp-json\/wp\/v2\/product\/9734"}],"collection":[{"href":"https:\/\/uniform.ee\/et\/wp-json\/wp\/v2\/product"}],"about":[{"href":"https:\/\/uniform.ee\/et\/wp-json\/wp\/v2\/types\/product"}],"wp:featuredmedia":[{"embeddable":true,"href":"https:\/\/uniform.ee\/et\/wp-json\/wp\/v2\/media\/10592"}],"wp:attachment":[{"href":"https:\/\/uniform.ee\/et\/wp-json\/wp\/v2\/media?parent=9734"}],"wp:term":[{"taxonomy":"product_cat","embeddable":true,"href":"https:\/\/uniform.ee\/et\/wp-json\/wp\/v2\/product_cat?post=9734"},{"taxonomy":"product_tag","embeddable":true,"href":"https:\/\/uniform.ee\/et\/wp-json\/wp\/v2\/product_tag?post=9734"}],"curies":[{"name":"wp","href":"https:\/\/api.w.org\/{rel}","templated":true}]}}