{"id":9758,"date":"2024-03-16T18:19:57","date_gmt":"2024-03-16T16:19:57","guid":{"rendered":"https:\/\/uniform.ee\/ru\/?post_type=product&#038;p=9758"},"modified":"2026-03-10T12:20:43","modified_gmt":"2026-03-10T10:20:43","slug":"toojakk-barbie-elastaniga","status":"publish","type":"product","link":"https:\/\/uniform.ee\/et\/p\/toojakk-barbie-elastaniga\/","title":{"rendered":"T\u00f6\u00f6jakk Barbie elastaniga ST10E"},"content":{"rendered":"<p>Esitleme teile meie tuunikat Barbie heleroosa v\u00e4rvi,\u00a0mis on loodud professionaalide vajaduste rahuldamiseks ilusalongides, meditsiiniasutustes ja muudes asutustes, kus spetsialiseeritud riietus on t\u00f6\u00f6 kohustuslik atribuut.<\/p>\n<p>See tuunika on valmistatud pehmest kangast, millele on lisatud elastaani, mis pakub liikumisel mugavust.<\/p>\n<div>Enne ostu tutvuge m\u00f5\u00f5dutabeliga.<\/div>\n<div><\/div>\n<div>Materjal: 35% puuvill, 65% pol\u00fcester, 2% elastan.<\/div>\n<div>\n<p>Soovitatav pesemise temperatuur: 40\u00b0C.<\/p>\n<\/div>\n<div><\/div>\n<div>Tootmisriik: Eesti<\/div>\n<div><\/div>\n<div>Fotol olev modell kannab suurust 36, pikkus 172 cm, tuunika suurus 36 (S).<\/div>\n<div><\/div>\n<div>M\u00f5\u00f5dutabel<\/div>\n<div><\/div>\n<div>\n<table style=\"width: 35.1309%; height: 139px;\" width=\"596\">\n<tbody>\n<tr>\n<td width=\"89\">Suurus<\/td>\n<td width=\"131\">Rinna\u00fcmberm\u00f5tt<\/td>\n<td width=\"120\">V\u00f6\u00f6\u00fcmber.<\/td>\n<td width=\"139\">Puusa\u00fcmber.<\/td>\n<td width=\"117\">Pikkus<\/td>\n<\/tr>\n<tr>\n<td>34<\/td>\n<td>89<\/td>\n<td>70<\/td>\n<td>100<\/td>\n<td>70<\/td>\n<\/tr>\n<tr>\n<td>36<\/td>\n<td>95<\/td>\n<td>76<\/td>\n<td>106<\/td>\n<td>70<\/td>\n<\/tr>\n<tr>\n<td>38<\/td>\n<td>101<\/td>\n<td>82<\/td>\n<td>112<\/td>\n<td>71<\/td>\n<\/tr>\n<tr>\n<td>40<\/td>\n<td>109<\/td>\n<td>90<\/td>\n<td>120<\/td>\n<td>72<\/td>\n<\/tr>\n<\/tbody>\n<\/table>\n<\/div>\n<p><\/p>","protected":false},"excerpt":{"rendered":"<p>Esitleme teile meie tuunikat Barbie heleroosa v\u00e4rvi,\u00a0mis on loodud professionaalide vajaduste rahuldamiseks ilusalongides, meditsiiniasutustes ja muudes asutustes, kus spetsialiseeritud riietus<\/p>\n","protected":false},"featured_media":10623,"template":"","meta":[],"product_cat":[33],"product_tag":[],"_links":{"self":[{"href":"https:\/\/uniform.ee\/et\/wp-json\/wp\/v2\/product\/9758"}],"collection":[{"href":"https:\/\/uniform.ee\/et\/wp-json\/wp\/v2\/product"}],"about":[{"href":"https:\/\/uniform.ee\/et\/wp-json\/wp\/v2\/types\/product"}],"wp:featuredmedia":[{"embeddable":true,"href":"https:\/\/uniform.ee\/et\/wp-json\/wp\/v2\/media\/10623"}],"wp:attachment":[{"href":"https:\/\/uniform.ee\/et\/wp-json\/wp\/v2\/media?parent=9758"}],"wp:term":[{"taxonomy":"product_cat","embeddable":true,"href":"https:\/\/uniform.ee\/et\/wp-json\/wp\/v2\/product_cat?post=9758"},{"taxonomy":"product_tag","embeddable":true,"href":"https:\/\/uniform.ee\/et\/wp-json\/wp\/v2\/product_tag?post=9758"}],"curies":[{"name":"wp","href":"https:\/\/api.w.org\/{rel}","templated":true}]}}