{"id":9765,"date":"2024-03-16T18:22:54","date_gmt":"2024-03-16T16:22:54","guid":{"rendered":"https:\/\/uniform.ee\/ru\/?post_type=product&#038;p=9765"},"modified":"2026-03-09T14:30:19","modified_gmt":"2026-03-09T12:30:19","slug":"toojakk-amarant","status":"publish","type":"product","link":"https:\/\/uniform.ee\/et\/p\/toojakk-amarant\/","title":{"rendered":"T\u00f6\u00f6jakk amarant ST10"},"content":{"rendered":"<p>Esitleme teile meie rebasheinav\u00e4rvi tuunikat, mis on loodud professionaalide vajaduste rahuldamiseks ilusalongides, meditsiiniasutustes ja muudes asutustes, kus spetsialiseeritud riietus on t\u00f6\u00f6 kohustuslik atribuut.<\/p>\n<p>Kujutage end ette selles luksuslikus tuunikas, mis \u00f5hkab enesekindlust ja elegantsi igas t\u00f6\u00f6hetkes, milles viibite. See tuunika on disainitud stiili ja funktsionaalsust silmas pidades ning sellel on peen V-kaelusega krae ja rafineeritud p\u00fcstkrae, mis loob t\u00e4iusliku tasakaalu moeka disaini ja praktilisuse vahel.<\/p>\n<p>Meditsiinilisest kangast valmistatud tuunikal on garanteeritud vastupidavus ja v\u00e4rvi s\u00e4ilimine isegi p\u00e4rast mitmekordset pesu.<\/p>\n<div>Enne ostu tutvuge m\u00f5\u00f5dutabeliga.<\/div>\n<div><\/div>\n<div>On valmistatud spetsiaalsest kangast meditsiinilise t\u00f6\u00f6riietuse jaoks.<\/div>\n<div><\/div>\n<div>Materjal: 35% puuvill, 65% pol\u00fcester<\/div>\n<div>\n<p>Soovitatav pesemise temperatuur v\u00e4rvilistele riietele: 40\u00b0C &#8211; 60\u00b0C<\/p>\n<p>Soovitatav pesemise temperatuur valgetele riietele: 60\u00b0C.<\/p>\n<\/div>\n<div><\/div>\n<div>Tootmisriik: Eesti<\/div>\n<div><\/div>\n<div>Fotol olev modell kannab suurust 36-38, pikkus 172 cm, tuunika suurus 38 (M).<\/div>\n<div><\/div>\n<div>M\u00f5\u00f5dutabel<\/div>\n<div><\/div>\n<div>\n<table style=\"width: 43.5163%; height: 204px;\" width=\"596\">\n<tbody>\n<tr style=\"height: 24px;\">\n<td style=\"height: 24px;\" width=\"89\">Suurus<\/td>\n<td style=\"height: 24px;\" width=\"131\">Rinna\u00fcmberm\u00f5tt<\/td>\n<td style=\"height: 24px;\" width=\"120\">V\u00f6\u00f6\u00fcmber.<\/td>\n<td style=\"height: 24px;\" width=\"139\">Puusa\u00fcmber.<\/td>\n<td style=\"height: 24px;\" width=\"117\">Pikkus<\/td>\n<\/tr>\n<tr style=\"height: 24px;\">\n<td style=\"height: 24px;\">34<\/td>\n<td style=\"height: 24px;\">89<\/td>\n<td style=\"height: 24px;\">70<\/td>\n<td style=\"height: 24px;\">100<\/td>\n<td style=\"height: 24px;\">70<\/td>\n<\/tr>\n<tr style=\"height: 24px;\">\n<td style=\"height: 24px;\">36<\/td>\n<td style=\"height: 24px;\">95<\/td>\n<td style=\"height: 24px;\">76<\/td>\n<td style=\"height: 24px;\">106<\/td>\n<td style=\"height: 24px;\">70<\/td>\n<\/tr>\n<tr style=\"height: 24px;\">\n<td style=\"height: 24px;\">38<\/td>\n<td style=\"height: 24px;\">101<\/td>\n<td style=\"height: 24px;\">82<\/td>\n<td style=\"height: 24px;\">112<\/td>\n<td style=\"height: 24px;\">71<\/td>\n<\/tr>\n<tr style=\"height: 24px;\">\n<td style=\"height: 24px;\">40<\/td>\n<td style=\"height: 24px;\">109<\/td>\n<td style=\"height: 24px;\">90<\/td>\n<td style=\"height: 24px;\">120<\/td>\n<td style=\"height: 24px;\">72<\/td>\n<\/tr>\n<\/tbody>\n<\/table>\n<\/div>\n<p><\/p>","protected":false},"excerpt":{"rendered":"<p>Esitleme teile meie rebasheinav\u00e4rvi tuunikat, mis on loodud professionaalide vajaduste rahuldamiseks ilusalongides, meditsiiniasutustes ja muudes asutustes, kus spetsialiseeritud riietus on<\/p>\n","protected":false},"featured_media":10618,"template":"","meta":[],"product_cat":[33],"product_tag":[],"_links":{"self":[{"href":"https:\/\/uniform.ee\/et\/wp-json\/wp\/v2\/product\/9765"}],"collection":[{"href":"https:\/\/uniform.ee\/et\/wp-json\/wp\/v2\/product"}],"about":[{"href":"https:\/\/uniform.ee\/et\/wp-json\/wp\/v2\/types\/product"}],"wp:featuredmedia":[{"embeddable":true,"href":"https:\/\/uniform.ee\/et\/wp-json\/wp\/v2\/media\/10618"}],"wp:attachment":[{"href":"https:\/\/uniform.ee\/et\/wp-json\/wp\/v2\/media?parent=9765"}],"wp:term":[{"taxonomy":"product_cat","embeddable":true,"href":"https:\/\/uniform.ee\/et\/wp-json\/wp\/v2\/product_cat?post=9765"},{"taxonomy":"product_tag","embeddable":true,"href":"https:\/\/uniform.ee\/et\/wp-json\/wp\/v2\/product_tag?post=9765"}],"curies":[{"name":"wp","href":"https:\/\/api.w.org\/{rel}","templated":true}]}}