{"id":9823,"date":"2024-03-16T19:40:37","date_gmt":"2024-03-16T17:40:37","guid":{"rendered":"https:\/\/uniform.ee\/ru\/?post_type=product&#038;p=9823"},"modified":"2026-03-09T11:45:45","modified_gmt":"2026-03-09T09:45:45","slug":"tootuunika-valge","status":"publish","type":"product","link":"https:\/\/uniform.ee\/et\/p\/tootuunika-valge\/","title":{"rendered":"T\u00f6\u00f6tuunika valge ST04"},"content":{"rendered":"<p><\/p>\n<div>Enne ostu tutvuge m\u00f5\u00f5dutabeliga.<\/div>\n<div><\/div>\n<div>On valmistatud spetsiaalsest kangast meditsiinilise t\u00f6\u00f6riietuse jaoks.<\/div>\n<div><\/div>\n<div>Materjal: 35% puuvill, 65% pol\u00fcester<\/div>\n<div>\n<p>Soovitatav pesemise temperatuur v\u00e4rvilistele riietele: 40\u00b0C.<\/p>\n<p>Soovitatav pesemise temperatuur valgetele riietele: 60\u00b0C.<\/p>\n<\/div>\n<div><\/div>\n<div>Tootmisriik: Eesti<\/div>\n<div><\/div>\n<div>M\u00f5\u00f5dutabel<\/div>\n<div><\/div>\n<div>\n<table style=\"width: 35.3255%; height: 161px;\" width=\"596\">\n<tbody>\n<tr>\n<td width=\"89\">Suurus<\/td>\n<td width=\"131\">Rinna\u00fcmberm\u00f5tt<\/td>\n<td width=\"120\">V\u00f6\u00f6\u00fcmber.<\/td>\n<td width=\"139\">Puusa\u00fcmber.<\/td>\n<td width=\"117\">Pikkus<\/td>\n<\/tr>\n<tr>\n<td>S<\/td>\n<td>89<\/td>\n<td>75<\/td>\n<td>100<\/td>\n<td>73<\/td>\n<\/tr>\n<tr>\n<td>M<\/td>\n<td>95<\/td>\n<td>81<\/td>\n<td>106<\/td>\n<td>73<\/td>\n<\/tr>\n<tr>\n<td>L<\/td>\n<td>101<\/td>\n<td>87<\/td>\n<td>112<\/td>\n<td>73<\/td>\n<\/tr>\n<\/tbody>\n<\/table>\n<\/div>\n<p><\/p>","protected":false},"excerpt":{"rendered":"<p>Enne ostu tutvuge m\u00f5\u00f5dutabeliga. On valmistatud spetsiaalsest kangast meditsiinilise t\u00f6\u00f6riietuse jaoks. Materjal: 35% puuvill, 65% pol\u00fcester Soovitatav pesemise temperatuur v\u00e4rvilistele<\/p>\n","protected":false},"featured_media":10670,"template":"","meta":[],"product_cat":[33],"product_tag":[],"_links":{"self":[{"href":"https:\/\/uniform.ee\/et\/wp-json\/wp\/v2\/product\/9823"}],"collection":[{"href":"https:\/\/uniform.ee\/et\/wp-json\/wp\/v2\/product"}],"about":[{"href":"https:\/\/uniform.ee\/et\/wp-json\/wp\/v2\/types\/product"}],"wp:featuredmedia":[{"embeddable":true,"href":"https:\/\/uniform.ee\/et\/wp-json\/wp\/v2\/media\/10670"}],"wp:attachment":[{"href":"https:\/\/uniform.ee\/et\/wp-json\/wp\/v2\/media?parent=9823"}],"wp:term":[{"taxonomy":"product_cat","embeddable":true,"href":"https:\/\/uniform.ee\/et\/wp-json\/wp\/v2\/product_cat?post=9823"},{"taxonomy":"product_tag","embeddable":true,"href":"https:\/\/uniform.ee\/et\/wp-json\/wp\/v2\/product_tag?post=9823"}],"curies":[{"name":"wp","href":"https:\/\/api.w.org\/{rel}","templated":true}]}}