{"id":9830,"date":"2024-03-16T19:52:53","date_gmt":"2024-03-16T17:52:53","guid":{"rendered":"https:\/\/uniform.ee\/ru\/?post_type=product&#038;p=9830"},"modified":"2025-02-13T12:23:05","modified_gmt":"2025-02-13T10:23:05","slug":"toopluus-amarant-ava","status":"publish","type":"product","link":"https:\/\/uniform.ee\/et\/p\/toopluus-amarant-ava\/","title":{"rendered":"T\u00f6\u00f6pluus amarant AVA suurus 34 (XS)"},"content":{"rendered":"<p>Riietus on kergest, \u00f5hk\u00f5nast materjalist, mis ei takista liigutusi.<\/p>\n<p>Kanga koostis: pol\u00fcester 92%, spandex (elastaan) 8%<\/p>\n<p>Pesemistemperatuur: 40 C<\/p>\n<p>Tundke vabadust igas liigutuses!<\/p>\n<p>&nbsp;<\/p>\n<div>M\u00f5\u00f5dutabel<\/div>\n<div><\/div>\n<div>\n<table style=\"width: 38.9588%; height: 169px;\">\n<tbody>\n<tr style=\"height: 24px;\">\n<td style=\"height: 24px; width: 14.9905%;\" width=\"180\">Suurus<\/td>\n<td style=\"height: 24px; width: 26.186%;\" width=\"180\">Rinna\u00fcmberm\u00f5tt<\/td>\n<td style=\"height: 24px; width: 19.5446%;\" width=\"180\">V\u00f6\u00f6\u00fcmber.<\/td>\n<td style=\"height: 24px; width: 21.8216%;\" width=\"180\">Puusa\u00fcmber.<\/td>\n<td style=\"height: 24px; width: 14.8008%;\" width=\"180\">Pikkus<\/td>\n<\/tr>\n<tr style=\"height: 24px;\">\n<td style=\"height: 24px; width: 14.9905%;\">XS<\/td>\n<td style=\"height: 24px; width: 26.186%;\">94<\/td>\n<td style=\"height: 24px; width: 19.5446%;\">88<\/td>\n<td style=\"height: 24px; width: 21.8216%;\">96<\/td>\n<td style=\"height: 24px; width: 14.8008%;\" width=\"180\">73<\/td>\n<\/tr>\n<tr style=\"height: 24px;\">\n<td style=\"height: 24px; width: 14.9905%;\">S<\/td>\n<td style=\"height: 24px; width: 26.186%;\">100<\/td>\n<td style=\"height: 24px; width: 19.5446%;\">94<\/td>\n<td style=\"height: 24px; width: 21.8216%;\">102<\/td>\n<td style=\"height: 24px; width: 14.8008%;\" width=\"180\">73<\/td>\n<\/tr>\n<tr style=\"height: 24px;\">\n<td style=\"height: 24px; width: 14.9905%;\">M<\/td>\n<td style=\"height: 24px; width: 26.186%;\">107<\/td>\n<td style=\"height: 24px; width: 19.5446%;\">102<\/td>\n<td style=\"height: 24px; width: 21.8216%;\">110<\/td>\n<td style=\"height: 24px; width: 14.8008%;\" width=\"180\">73<\/td>\n<\/tr>\n<tr style=\"height: 24px;\">\n<td style=\"height: 24px; width: 14.9905%;\">L<\/td>\n<td style=\"height: 24px; width: 26.186%;\">115<\/td>\n<td style=\"height: 24px; width: 19.5446%;\">110<\/td>\n<td style=\"height: 24px; width: 21.8216%;\">118<\/td>\n<td style=\"height: 24px; width: 14.8008%;\" width=\"180\">73<\/td>\n<\/tr>\n<tr style=\"height: 25px;\">\n<td style=\"height: 25px; width: 14.9905%;\">XL<\/td>\n<td style=\"height: 25px; width: 26.186%;\">122<\/td>\n<td style=\"height: 25px; width: 19.5446%;\">118<\/td>\n<td style=\"height: 25px; width: 21.8216%;\">126<\/td>\n<td style=\"height: 25px; width: 14.8008%;\" width=\"180\">73<\/td>\n<\/tr>\n<tr style=\"height: 24px;\">\n<td style=\"width: 14.9905%; height: 24px;\">XXL<\/td>\n<td style=\"width: 26.186%; height: 24px;\">128<\/td>\n<td style=\"width: 19.5446%; height: 24px;\">124<\/td>\n<td style=\"width: 21.8216%; height: 24px;\">133<\/td>\n<td style=\"width: 14.8008%; height: 24px;\">73<\/td>\n<\/tr>\n<\/tbody>\n<\/table>\n<\/div>\n<p><\/p>","protected":false},"excerpt":{"rendered":"<p>Riietus on kergest, \u00f5hk\u00f5nast materjalist, mis ei takista liigutusi. Kanga koostis: pol\u00fcester 92%, spandex (elastaan) 8% Pesemistemperatuur: 40 C Tundke<\/p>\n","protected":false},"featured_media":11375,"template":"","meta":[],"product_cat":[33],"product_tag":[],"_links":{"self":[{"href":"https:\/\/uniform.ee\/et\/wp-json\/wp\/v2\/product\/9830"}],"collection":[{"href":"https:\/\/uniform.ee\/et\/wp-json\/wp\/v2\/product"}],"about":[{"href":"https:\/\/uniform.ee\/et\/wp-json\/wp\/v2\/types\/product"}],"wp:featuredmedia":[{"embeddable":true,"href":"https:\/\/uniform.ee\/et\/wp-json\/wp\/v2\/media\/11375"}],"wp:attachment":[{"href":"https:\/\/uniform.ee\/et\/wp-json\/wp\/v2\/media?parent=9830"}],"wp:term":[{"taxonomy":"product_cat","embeddable":true,"href":"https:\/\/uniform.ee\/et\/wp-json\/wp\/v2\/product_cat?post=9830"},{"taxonomy":"product_tag","embeddable":true,"href":"https:\/\/uniform.ee\/et\/wp-json\/wp\/v2\/product_tag?post=9830"}],"curies":[{"name":"wp","href":"https:\/\/api.w.org\/{rel}","templated":true}]}}