{"id":9887,"date":"2024-03-17T21:15:11","date_gmt":"2024-03-17T19:15:11","guid":{"rendered":"https:\/\/uniform.ee\/ru\/?post_type=product&#038;p=9887"},"modified":"2026-01-29T12:41:55","modified_gmt":"2026-01-29T10:41:55","slug":"naiste-tooriided-meditsiini-pluus-5","status":"publish","type":"product","link":"https:\/\/uniform.ee\/et\/p\/naiste-tooriided-meditsiini-pluus-5\/","title":{"rendered":"Naiste t\u00f6\u00f6riided &#8211; meditsiini pluus Paula"},"content":{"rendered":"<p>Antud mudeli peamine eelis on spetsiaalse elastse ja veniva vahet\u00fcki olemasolu, mis asub varrukate \u00f5mbluse joonel ning annab suurema liikumisvabaduse ja suurendab t\u00f6\u00f6 mugavust.<\/p>\n<p>Meditsiiniline tuunika l\u00fchikeste varrukatega, vaba l\u00f5ige. Vasakul poolel on as\u00fcmmeetriline trukkide paigutus, kinnitus \u2013 trukid. Paremal poolel on suur tasku ja v\u00e4ike telefonitasku.<\/p>\n<p>Antud sari on k\u00f5rgekvaliteediliste kangaste ja kvaliteetse r\u00e4tsepat\u00f6\u00f6 garantii.<\/p>\n<p><strong>\u00dcldpikkus:<\/strong>\u00a074 cm (+\/- 2 cm)<\/p>\n<p><strong>Koostis:<\/strong>\u00a050% puuvill, 50% pol\u00fcester<\/p>\n<p>&nbsp;<\/p>\n<p><strong>Pesemise temperatuur:<\/strong>\u00a0olmeline kuni 60\u00b0 C, t\u00f6\u00f6stuslik kuni 75\u00b0 C<\/p>\n<p>Ettetellimisel on saadaval erinevad v\u00e4rvid ja suurused.<\/p>\n<p>&nbsp;<\/p>\n<table style=\"width: 50.7457%; height: 410px;\" border=\"0\" width=\"1080\" cellspacing=\"0\" cellpadding=\"0\">\n<tbody>\n<tr>\n<td class=\"xl67\" style=\"width: 16.035%;\" width=\"180\" height=\"53\"><\/td>\n<td class=\"xl63\" style=\"width: 22.449%;\" width=\"180\">Rinna\u00fcmberm\u00f5tt<\/td>\n<td class=\"xl64\" style=\"width: 21.4286%;\" width=\"180\">V\u00f6\u00f6\u00fcmberm\u00f5tt<\/td>\n<td class=\"xl63\" style=\"width: 22.5948%;\" width=\"180\">Puusa\u00fcmberm\u00f5tt<\/td>\n<td class=\"xl65\" style=\"width: 17.2012%;\" width=\"180\">Pikkus<\/td>\n<\/tr>\n<tr>\n<td class=\"xl66\" style=\"width: 16.035%;\" height=\"53\">XS<\/td>\n<td class=\"xl68\" style=\"width: 22.449%;\">89<\/td>\n<td class=\"xl69\" style=\"width: 21.4286%;\">81<\/td>\n<td class=\"xl70\" style=\"width: 22.5948%;\">92<\/td>\n<td class=\"xl71\" style=\"width: 17.2012%;\" width=\"180\">74 cm (+\/- 2cm)<\/td>\n<\/tr>\n<tr>\n<td class=\"xl66\" style=\"width: 16.035%;\" height=\"53\">S<\/td>\n<td class=\"xl68\" style=\"width: 22.449%;\">96<\/td>\n<td class=\"xl72\" style=\"width: 21.4286%;\">88<\/td>\n<td class=\"xl68\" style=\"width: 22.5948%;\">99<\/td>\n<td class=\"xl71\" style=\"width: 17.2012%;\" width=\"180\">74 cm (+\/- 2cm)<\/td>\n<\/tr>\n<tr>\n<td class=\"xl66\" style=\"width: 16.035%;\" height=\"53\">M<\/td>\n<td class=\"xl68\" style=\"width: 22.449%;\">104<\/td>\n<td class=\"xl68\" style=\"width: 21.4286%;\">94<\/td>\n<td class=\"xl74\" style=\"width: 22.5948%;\">107<\/td>\n<td class=\"xl71\" style=\"width: 17.2012%;\" width=\"180\">74 cm (+\/- 2cm)<\/td>\n<\/tr>\n<tr>\n<td class=\"xl66\" style=\"width: 16.035%;\" height=\"53\">L<\/td>\n<td class=\"xl68\" style=\"width: 22.449%;\">112<\/td>\n<td class=\"xl72\" style=\"width: 21.4286%;\">101<\/td>\n<td class=\"xl68\" style=\"width: 22.5948%;\">115<\/td>\n<td class=\"xl71\" style=\"width: 17.2012%;\" width=\"180\">74 cm (+\/- 2cm)<\/td>\n<\/tr>\n<tr>\n<td class=\"xl66\" style=\"width: 16.035%;\" height=\"53\">XL<\/td>\n<td class=\"xl68\" style=\"width: 22.449%;\">121<\/td>\n<td class=\"xl68\" style=\"width: 21.4286%;\">109<\/td>\n<td class=\"xl74\" style=\"width: 22.5948%;\">124<\/td>\n<td class=\"xl71\" style=\"width: 17.2012%;\" width=\"180\">74 cm (+\/- 2cm)<\/td>\n<\/tr>\n<tr>\n<td class=\"xl66\" style=\"width: 16.035%;\" height=\"53\">XXL<\/td>\n<td class=\"xl68\" style=\"width: 22.449%;\">129<\/td>\n<td class=\"xl72\" style=\"width: 21.4286%;\">117<\/td>\n<td class=\"xl68\" style=\"width: 22.5948%;\">130<\/td>\n<td class=\"xl71\" style=\"width: 17.2012%;\" width=\"180\">74 cm (+\/- 2cm)<\/td>\n<\/tr>\n<tr>\n<td class=\"xl76\" style=\"width: 99.7085%;\" colspan=\"5\" height=\"20\">The dimensions given above are the actual dimensions of the garment<\/td>\n<\/tr>\n<\/tbody>\n<\/table>\n<p>&nbsp;<\/p>","protected":false},"excerpt":{"rendered":"<p>Antud mudeli peamine eelis on spetsiaalse elastse ja veniva vahet\u00fcki olemasolu, mis asub varrukate \u00f5mbluse joonel ning annab suurema liikumisvabaduse<\/p>\n","protected":false},"featured_media":10383,"template":"","meta":[],"product_cat":[33],"product_tag":[],"_links":{"self":[{"href":"https:\/\/uniform.ee\/et\/wp-json\/wp\/v2\/product\/9887"}],"collection":[{"href":"https:\/\/uniform.ee\/et\/wp-json\/wp\/v2\/product"}],"about":[{"href":"https:\/\/uniform.ee\/et\/wp-json\/wp\/v2\/types\/product"}],"wp:featuredmedia":[{"embeddable":true,"href":"https:\/\/uniform.ee\/et\/wp-json\/wp\/v2\/media\/10383"}],"wp:attachment":[{"href":"https:\/\/uniform.ee\/et\/wp-json\/wp\/v2\/media?parent=9887"}],"wp:term":[{"taxonomy":"product_cat","embeddable":true,"href":"https:\/\/uniform.ee\/et\/wp-json\/wp\/v2\/product_cat?post=9887"},{"taxonomy":"product_tag","embeddable":true,"href":"https:\/\/uniform.ee\/et\/wp-json\/wp\/v2\/product_tag?post=9887"}],"curies":[{"name":"wp","href":"https:\/\/api.w.org\/{rel}","templated":true}]}}