{"id":9928,"date":"2024-03-18T20:45:23","date_gmt":"2024-03-18T18:45:23","guid":{"rendered":"https:\/\/uniform.ee\/ru\/?post_type=product&#038;p=9928"},"modified":"2025-04-11T14:38:13","modified_gmt":"2025-04-11T12:38:13","slug":"naiste-tooriided-meditsiini-pluus-9","status":"publish","type":"product","link":"https:\/\/uniform.ee\/et\/p\/naiste-tooriided-meditsiini-pluus-9\/","title":{"rendered":"Naiste t\u00f6\u00f6riided &#8211; meditsiini pluus GRACiA"},"content":{"rendered":"<p>Meditsiiniline elegantne l\u00fchikeste varrukatega pluus, pealepanek k\u00e4ib \u00fcle pea. Peamiseks v\u00e4\u00e4rtuseks on dekoratiivne tikand. Tilga-kujulist kaelaava pannakse kinni salaluku abil, mis kaitseb pluusi m\u00e4\u00e4rdumisest selga panemise ajal. Selleks, et pluusi pealepanek ja mahav\u00f5tmine oleks maksimaalselt mugav, on k\u00fclje\u00f5mblusesse sisse\u00f5mmeldud lisalukk.<\/p>\n<p><strong>\u00dcldpikkus:<\/strong>\u00a072 cm (+\/- 2 cm)<\/p>\n<p><strong>Koostis:<\/strong> 50% puuvill, 50% pol\u00fcester<\/p>\n<p><strong>Pesemise temperatuur:<\/strong>\u00a0olmeline kuni 60\u00b0 C, t\u00f6\u00f6stuslik kuni 75\u00b0 C<\/p>\n<p>Antud sari on k\u00f5rgekvaliteediliste kangaste ja kvaliteetse r\u00e4tsepat\u00f6\u00f6 garantii.<\/p>\n<p>&nbsp;<\/p>\n<div>M\u00f5\u00f5dutabel<\/div>\n<div><\/div>\n<div>\n<table style=\"width: 34.8191%; height: 144px;\">\n<tbody>\n<tr style=\"height: 24px;\">\n<td style=\"height: 24px; width: 16.129%;\" width=\"180\">Suurus<\/td>\n<td style=\"height: 24px; width: 19.1651%;\" width=\"180\">Rinna\u00fcmber.<\/td>\n<td style=\"height: 24px; width: 17.4573%;\" width=\"180\">V\u00f6\u00f6\u00fcmber.<\/td>\n<td style=\"height: 24px; width: 20.6831%;\" width=\"180\">Puusa\u00fcmber.<\/td>\n<td style=\"height: 24px; width: 13.0929%;\" width=\"180\">Pikkus<\/td>\n<\/tr>\n<tr style=\"height: 24px;\">\n<td style=\"height: 24px; width: 16.129%;\">34 (XS)<\/td>\n<td style=\"height: 24px; width: 19.1651%;\">88<\/td>\n<td style=\"height: 24px; width: 17.4573%;\">68<\/td>\n<td style=\"height: 24px; width: 20.6831%;\">92<\/td>\n<td style=\"height: 24px; width: 13.0929%;\" width=\"180\">72<\/td>\n<\/tr>\n<tr style=\"height: 24px;\">\n<td style=\"height: 24px; width: 16.129%;\">36 (S)<\/td>\n<td style=\"height: 24px; width: 19.1651%;\">96<\/td>\n<td style=\"height: 24px; width: 17.4573%;\">76<\/td>\n<td style=\"height: 24px; width: 20.6831%;\">100<\/td>\n<td style=\"height: 24px; width: 13.0929%;\" width=\"180\">72<\/td>\n<\/tr>\n<tr style=\"height: 24px;\">\n<td style=\"height: 24px; width: 16.129%;\">38 (M)<\/td>\n<td style=\"height: 24px; width: 19.1651%;\">103<\/td>\n<td style=\"height: 24px; width: 17.4573%;\">85<\/td>\n<td style=\"height: 24px; width: 20.6831%;\">108<\/td>\n<td style=\"height: 24px; width: 13.0929%;\" width=\"180\">72<\/td>\n<\/tr>\n<tr style=\"height: 24px;\">\n<td style=\"height: 24px; width: 16.129%;\">40 (L)<\/td>\n<td style=\"height: 24px; width: 19.1651%;\">111<\/td>\n<td style=\"height: 24px; width: 17.4573%;\">92<\/td>\n<td style=\"height: 24px; width: 20.6831%;\">116<\/td>\n<td style=\"height: 24px; width: 13.0929%;\" width=\"180\">72<\/td>\n<\/tr>\n<tr style=\"height: 24px;\">\n<td style=\"height: 24px; width: 16.129%;\">42 (XL)<\/td>\n<td style=\"height: 24px; width: 19.1651%;\">119<\/td>\n<td style=\"height: 24px; width: 17.4573%;\">101<\/td>\n<td style=\"height: 24px; width: 20.6831%;\">122<\/td>\n<td style=\"height: 24px; width: 13.0929%;\" width=\"180\">72<\/td>\n<\/tr>\n<\/tbody>\n<\/table>\n<\/div>\n<p><\/p>","protected":false},"excerpt":{"rendered":"<p>Meditsiiniline elegantne l\u00fchikeste varrukatega pluus, pealepanek k\u00e4ib \u00fcle pea. Peamiseks v\u00e4\u00e4rtuseks on dekoratiivne tikand. Tilga-kujulist kaelaava pannakse kinni salaluku abil,<\/p>\n","protected":false},"featured_media":11036,"template":"","meta":[],"product_cat":[33],"product_tag":[],"_links":{"self":[{"href":"https:\/\/uniform.ee\/et\/wp-json\/wp\/v2\/product\/9928"}],"collection":[{"href":"https:\/\/uniform.ee\/et\/wp-json\/wp\/v2\/product"}],"about":[{"href":"https:\/\/uniform.ee\/et\/wp-json\/wp\/v2\/types\/product"}],"wp:featuredmedia":[{"embeddable":true,"href":"https:\/\/uniform.ee\/et\/wp-json\/wp\/v2\/media\/11036"}],"wp:attachment":[{"href":"https:\/\/uniform.ee\/et\/wp-json\/wp\/v2\/media?parent=9928"}],"wp:term":[{"taxonomy":"product_cat","embeddable":true,"href":"https:\/\/uniform.ee\/et\/wp-json\/wp\/v2\/product_cat?post=9928"},{"taxonomy":"product_tag","embeddable":true,"href":"https:\/\/uniform.ee\/et\/wp-json\/wp\/v2\/product_tag?post=9928"}],"curies":[{"name":"wp","href":"https:\/\/api.w.org\/{rel}","templated":true}]}}